{"id":11,"date":"2024-06-01T20:26:25","date_gmt":"2024-06-01T18:26:25","guid":{"rendered":"https:\/\/effaroucheur.eu\/cart\/"},"modified":"2025-09-15T14:20:05","modified_gmt":"2025-09-15T12:20:05","slug":"cart","status":"publish","type":"page","link":"https:\/\/www.bestwarden.com\/en\/cart\/","title":{"rendered":"Cart"},"content":{"rendered":"<div data-block-name=\"woocommerce\/cart\" class=\"wp-block-woocommerce-cart alignwide is-loading\">\n<div data-block-name=\"woocommerce\/filled-cart-block\" class=\"wp-block-woocommerce-filled-cart-block\">\n<div data-block-name=\"woocommerce\/cart-items-block\" class=\"wp-block-woocommerce-cart-items-block\">\n<div data-block-name=\"woocommerce\/cart-line-items-block\" class=\"wp-block-woocommerce-cart-line-items-block\"><\/div>\n\n\n\n<div data-block-name=\"woocommerce\/cart-cross-sells-block\" class=\"wp-block-woocommerce-cart-cross-sells-block\">\n<h2 class=\"wp-block-heading has-large-font-size\">You may be interested in\u2026<\/h2>\n\n\n\n<div data-block-name=\"woocommerce\/cart-cross-sells-products-block\" class=\"wp-block-woocommerce-cart-cross-sells-products-block\"><\/div>\n<\/div>\n<\/div>\n\n\n\n<div data-block-name=\"woocommerce\/cart-totals-block\" class=\"wp-block-woocommerce-cart-totals-block\">\n<div data-block-name=\"woocommerce\/cart-order-summary-block\" class=\"wp-block-woocommerce-cart-order-summary-block\">\n<div data-block-name=\"woocommerce\/cart-order-summary-heading-block\" class=\"wp-block-woocommerce-cart-order-summary-heading-block\"><\/div><div data-block-name=\"woocommerce\/cart-order-summary-coupon-form-block\" class=\"wp-block-woocommerce-cart-order-summary-coupon-form-block\"><\/div><div data-block-name=\"woocommerce\/cart-order-summary-totals-block\" class=\"wp-block-woocommerce-cart-order-summary-totals-block\">\n<div data-block-name=\"woocommerce\/cart-order-summary-subtotal-block\" class=\"wp-block-woocommerce-cart-order-summary-subtotal-block\"><\/div>\n<div data-block-name=\"woocommerce\/cart-order-summary-discount-block\" class=\"wp-block-woocommerce-cart-order-summary-discount-block\"><\/div>\n<div data-block-name=\"woocommerce\/cart-order-summary-fee-block\" class=\"wp-block-woocommerce-cart-order-summary-fee-block\"><\/div>\n<div data-block-name=\"woocommerce\/cart-order-summary-shipping-block\" class=\"wp-block-woocommerce-cart-order-summary-shipping-block\"><\/div>\n<div data-block-name=\"woocommerce\/cart-order-summary-taxes-block\" class=\"wp-block-woocommerce-cart-order-summary-taxes-block\"><\/div><\/div>\n<\/div>\n\n\n\n<div data-block-name=\"woocommerce\/cart-express-payment-block\" class=\"wp-block-woocommerce-cart-express-payment-block\"><\/div>\n\n\n\n<div data-block-name=\"woocommerce\/proceed-to-checkout-block\" class=\"wp-block-woocommerce-proceed-to-checkout-block\"><\/div>\n\n\n\n<div data-block-name=\"woocommerce\/cart-accepted-payment-methods-block\" class=\"wp-block-woocommerce-cart-accepted-payment-methods-block\"><\/div>\n<\/div>\n<\/div>\n\n\n\n<div data-block-name=\"woocommerce\/empty-cart-block\" class=\"wp-block-woocommerce-empty-cart-block\">\n<h2 class=\"wp-block-heading has-text-align-center with-empty-cart-icon wc-block-cart__empty-cart__title\">Your cart is currently empty!<\/h2>\n\n\n\n<hr class=\"wp-block-separator has-alpha-channel-opacity is-style-dots\"\/>\n\n\n\n<h2 class=\"wp-block-heading has-text-align-center\">New in store<\/h2>\n\n\n<div data-block-name=\"woocommerce\/product-new\" data-columns=\"4\" data-rows=\"1\" class=\"wc-block-grid wp-block-product-new wp-block-woocommerce-product-new wc-block-product-new has-4-columns\"><ul class=\"wc-block-grid__products\"><li class=\"wc-block-grid__product\">\n\t\t\t\t<a href=\"https:\/\/www.bestwarden.com\/en\/product\/effaroucheur-solaire-anti-nuisible-xtech\/\" class=\"wc-block-grid__product-link\">\n\t\t\t\t\t\n\t\t\t\t\t<div class=\"wc-block-grid__product-image\"><img fetchpriority=\"high\" decoding=\"async\" width=\"1000\" height=\"1000\" src=\"https:\/\/www.bestwarden.com\/wp-content\/uploads\/2025\/09\/Effaroucheur-anti-nuisible-XTECH-1.png\" class=\"attachment-woocommerce_thumbnail size-woocommerce_thumbnail\" alt=\"Effaroucheur anti-nuisible XTECH\" srcset=\"https:\/\/www.bestwarden.com\/wp-content\/uploads\/2025\/09\/Effaroucheur-anti-nuisible-XTECH-1.png 1000w, https:\/\/www.bestwarden.com\/wp-content\/uploads\/2025\/09\/Effaroucheur-anti-nuisible-XTECH-1-100x100.png 100w, https:\/\/www.bestwarden.com\/wp-content\/uploads\/2025\/09\/Effaroucheur-anti-nuisible-XTECH-1-300x300.png 300w, https:\/\/www.bestwarden.com\/wp-content\/uploads\/2025\/09\/Effaroucheur-anti-nuisible-XTECH-1-150x150.png 150w, https:\/\/www.bestwarden.com\/wp-content\/uploads\/2025\/09\/Effaroucheur-anti-nuisible-XTECH-1-768x768.png 768w, https:\/\/www.bestwarden.com\/wp-content\/uploads\/2025\/09\/Effaroucheur-anti-nuisible-XTECH-1-12x12.png 12w, https:\/\/www.bestwarden.com\/wp-content\/uploads\/2025\/09\/Effaroucheur-anti-nuisible-XTECH-1-650x650.png 650w, https:\/\/www.bestwarden.com\/wp-content\/uploads\/2025\/09\/Effaroucheur-anti-nuisible-XTECH-1-82x82.png 82w, https:\/\/www.bestwarden.com\/wp-content\/uploads\/2025\/09\/Effaroucheur-anti-nuisible-XTECH-1-600x600.png 600w\" sizes=\"(max-width: 1000px) 100vw, 1000px\" \/><\/div>\n\t\t\t\t\t<div class=\"wc-block-grid__product-title\">Effaroucheur anti-nuisible XTECH \u2013 Syst\u00e8me solaire autonome avec double haut-parleur<\/div>\n\t\t\t\t<\/a>\n\t\t\t\t<div class=\"wc-block-grid__product-price price\">\t\t\t<div class=\"ywctm-custom-button-container ywctm-button-5828\" data-product_id=\"7623\">\n\t\t\t\t<a class=\"ywctm-custom-button\" href=\"https:\/\/www.bestwarden.com\/en\/contact\/\"><span class=\"ywctm-inquiry-title\"><div style=\"text-align: center\"><strong><span style=\"font-family: inherit;font-size: 14px\">TARIFS SUR DEMANDE<\/span><\/strong><\/div><\/span><\/a>\t\t\t<\/div>\n\t\t\t<\/div>\n\t\t\t\t\n\t\t\t\t<div class=\"wp-block-button wc-block-grid__product-add-to-cart\"><a href=\"https:\/\/www.bestwarden.com\/en\/product\/effaroucheur-solaire-anti-nuisible-xtech\/\" aria-label=\"Read more about \u201cEffaroucheur anti-nuisible XTECH \u2013 Syst\u00e8me solaire autonome avec double haut-parleur\u201d\" data-quantity=\"1\" data-product_id=\"7623\" data-product_sku=\"\" data-price=\"0\" rel=\"nofollow\" class=\"wp-block-button__link  add_to_cart_button\" data-no-translation=\"\" data-trp-gettext=\"\" data-no-translation-aria-label=\"\">Read more<\/a><\/div>\n\t\t\t<\/li><li class=\"wc-block-grid__product\">\n\t\t\t\t<a href=\"https:\/\/www.bestwarden.com\/en\/product\/effaroucheur-kryos-marine\/\" class=\"wc-block-grid__product-link\">\n\t\t\t\t\t\n\t\t\t\t\t<div class=\"wc-block-grid__product-image\"><img decoding=\"async\" width=\"1000\" height=\"1000\" src=\"https:\/\/www.bestwarden.com\/wp-content\/uploads\/2025\/09\/Effaroucheur-Kryos\u00ae-Marine.png\" class=\"attachment-woocommerce_thumbnail size-woocommerce_thumbnail\" alt=\"Effaroucheur Kryos\u00ae Marine\" srcset=\"https:\/\/www.bestwarden.com\/wp-content\/uploads\/2025\/09\/Effaroucheur-Kryos\u00ae-Marine.png 1000w, https:\/\/www.bestwarden.com\/wp-content\/uploads\/2025\/09\/Effaroucheur-Kryos\u00ae-Marine-100x100.png 100w, https:\/\/www.bestwarden.com\/wp-content\/uploads\/2025\/09\/Effaroucheur-Kryos\u00ae-Marine-300x300.png 300w, https:\/\/www.bestwarden.com\/wp-content\/uploads\/2025\/09\/Effaroucheur-Kryos\u00ae-Marine-150x150.png 150w, https:\/\/www.bestwarden.com\/wp-content\/uploads\/2025\/09\/Effaroucheur-Kryos\u00ae-Marine-768x768.png 768w, https:\/\/www.bestwarden.com\/wp-content\/uploads\/2025\/09\/Effaroucheur-Kryos\u00ae-Marine-12x12.png 12w, https:\/\/www.bestwarden.com\/wp-content\/uploads\/2025\/09\/Effaroucheur-Kryos\u00ae-Marine-650x650.png 650w, https:\/\/www.bestwarden.com\/wp-content\/uploads\/2025\/09\/Effaroucheur-Kryos\u00ae-Marine-82x82.png 82w, https:\/\/www.bestwarden.com\/wp-content\/uploads\/2025\/09\/Effaroucheur-Kryos\u00ae-Marine-600x600.png 600w\" sizes=\"(max-width: 1000px) 100vw, 1000px\" \/><\/div>\n\t\t\t\t\t<div class=\"wc-block-grid__product-title\">Effaroucheur Kryos\u00ae Marine &#8211; Lutte aviaire \u00e9cologique pour zones c\u00f4ti\u00e8res et portuaires<\/div>\n\t\t\t\t<\/a>\n\t\t\t\t<div class=\"wc-block-grid__product-price price\">\t\t\t<div class=\"ywctm-custom-button-container ywctm-button-5828\" data-product_id=\"7622\">\n\t\t\t\t<a class=\"ywctm-custom-button\" href=\"https:\/\/www.bestwarden.com\/en\/contact\/\"><span class=\"ywctm-inquiry-title\"><div style=\"text-align: center\"><strong><span style=\"font-family: inherit;font-size: 14px\">TARIFS SUR DEMANDE<\/span><\/strong><\/div><\/span><\/a>\t\t\t<\/div>\n\t\t\t<\/div>\n\t\t\t\t\n\t\t\t\t<div class=\"wp-block-button wc-block-grid__product-add-to-cart\"><a href=\"https:\/\/www.bestwarden.com\/en\/product\/effaroucheur-kryos-marine\/\" aria-label=\"Read more about \u201cEffaroucheur Kryos\u00ae Marine - Lutte aviaire \u00e9cologique pour zones c\u00f4ti\u00e8res et portuaires\u201d\" data-quantity=\"1\" data-product_id=\"7622\" data-product_sku=\"\" data-price=\"0\" rel=\"nofollow\" class=\"wp-block-button__link  add_to_cart_button\" data-no-translation=\"\" data-trp-gettext=\"\" data-no-translation-aria-label=\"\">Read more<\/a><\/div>\n\t\t\t<\/li><li class=\"wc-block-grid__product\">\n\t\t\t\t<a href=\"https:\/\/www.bestwarden.com\/en\/product\/megaphone-kryos-portable\/\" class=\"wc-block-grid__product-link\">\n\t\t\t\t\t\n\t\t\t\t\t<div class=\"wc-block-grid__product-image\"><img decoding=\"async\" width=\"1000\" height=\"1000\" src=\"https:\/\/www.bestwarden.com\/wp-content\/uploads\/2025\/09\/Megaphone-kryos-portable.png\" class=\"attachment-woocommerce_thumbnail size-woocommerce_thumbnail\" alt=\"Megaphone kryos portable\" srcset=\"https:\/\/www.bestwarden.com\/wp-content\/uploads\/2025\/09\/Megaphone-kryos-portable.png 1000w, https:\/\/www.bestwarden.com\/wp-content\/uploads\/2025\/09\/Megaphone-kryos-portable-100x100.png 100w, https:\/\/www.bestwarden.com\/wp-content\/uploads\/2025\/09\/Megaphone-kryos-portable-300x300.png 300w, https:\/\/www.bestwarden.com\/wp-content\/uploads\/2025\/09\/Megaphone-kryos-portable-150x150.png 150w, https:\/\/www.bestwarden.com\/wp-content\/uploads\/2025\/09\/Megaphone-kryos-portable-768x768.png 768w, https:\/\/www.bestwarden.com\/wp-content\/uploads\/2025\/09\/Megaphone-kryos-portable-12x12.png 12w, https:\/\/www.bestwarden.com\/wp-content\/uploads\/2025\/09\/Megaphone-kryos-portable-650x650.png 650w, https:\/\/www.bestwarden.com\/wp-content\/uploads\/2025\/09\/Megaphone-kryos-portable-82x82.png 82w, https:\/\/www.bestwarden.com\/wp-content\/uploads\/2025\/09\/Megaphone-kryos-portable-600x600.png 600w\" sizes=\"(max-width: 1000px) 100vw, 1000px\" \/><\/div>\n\t\t\t\t\t<div class=\"wc-block-grid__product-title\">Megaphone Kryos Portable \u2013 Effaroucheur sonore anti-nuisibles pour a\u00e9roports et sites industriels<\/div>\n\t\t\t\t<\/a>\n\t\t\t\t<div class=\"wc-block-grid__product-price price\">\t\t\t<div class=\"ywctm-custom-button-container ywctm-button-5828\" data-product_id=\"7621\">\n\t\t\t\t<a class=\"ywctm-custom-button\" href=\"https:\/\/www.bestwarden.com\/en\/contact\/\"><span class=\"ywctm-inquiry-title\"><div style=\"text-align: center\"><strong><span style=\"font-family: inherit;font-size: 14px\">TARIFS SUR DEMANDE<\/span><\/strong><\/div><\/span><\/a>\t\t\t<\/div>\n\t\t\t<\/div>\n\t\t\t\t\n\t\t\t\t<div class=\"wp-block-button wc-block-grid__product-add-to-cart\"><a href=\"https:\/\/www.bestwarden.com\/en\/product\/megaphone-kryos-portable\/\" aria-label=\"Read more about \u201cMegaphone Kryos Portable \u2013 Effaroucheur sonore anti-nuisibles pour a\u00e9roports et sites industriels\u201d\" data-quantity=\"1\" data-product_id=\"7621\" data-product_sku=\"\" data-price=\"0\" rel=\"nofollow\" class=\"wp-block-button__link  add_to_cart_button\" data-no-translation=\"\" data-trp-gettext=\"\" data-no-translation-aria-label=\"\">Read more<\/a><\/div>\n\t\t\t<\/li><li class=\"wc-block-grid__product\">\n\t\t\t\t<a href=\"https:\/\/www.bestwarden.com\/en\/product\/effaroucheur-kryos-aeroport\/\" class=\"wc-block-grid__product-link\">\n\t\t\t\t\t\n\t\t\t\t\t<div class=\"wc-block-grid__product-image\"><img loading=\"lazy\" decoding=\"async\" width=\"1000\" height=\"1000\" src=\"https:\/\/www.bestwarden.com\/wp-content\/uploads\/2025\/09\/Effaroucheur-kryos\u00ae-aeroport-lutte-aviaire.png\" class=\"attachment-woocommerce_thumbnail size-woocommerce_thumbnail\" alt=\"Effaroucheur kryos\u00ae aeroport lutte aviaire\" srcset=\"https:\/\/www.bestwarden.com\/wp-content\/uploads\/2025\/09\/Effaroucheur-kryos\u00ae-aeroport-lutte-aviaire.png 1000w, https:\/\/www.bestwarden.com\/wp-content\/uploads\/2025\/09\/Effaroucheur-kryos\u00ae-aeroport-lutte-aviaire-100x100.png 100w, https:\/\/www.bestwarden.com\/wp-content\/uploads\/2025\/09\/Effaroucheur-kryos\u00ae-aeroport-lutte-aviaire-300x300.png 300w, https:\/\/www.bestwarden.com\/wp-content\/uploads\/2025\/09\/Effaroucheur-kryos\u00ae-aeroport-lutte-aviaire-150x150.png 150w, https:\/\/www.bestwarden.com\/wp-content\/uploads\/2025\/09\/Effaroucheur-kryos\u00ae-aeroport-lutte-aviaire-768x768.png 768w, https:\/\/www.bestwarden.com\/wp-content\/uploads\/2025\/09\/Effaroucheur-kryos\u00ae-aeroport-lutte-aviaire-12x12.png 12w, https:\/\/www.bestwarden.com\/wp-content\/uploads\/2025\/09\/Effaroucheur-kryos\u00ae-aeroport-lutte-aviaire-650x650.png 650w, https:\/\/www.bestwarden.com\/wp-content\/uploads\/2025\/09\/Effaroucheur-kryos\u00ae-aeroport-lutte-aviaire-82x82.png 82w, https:\/\/www.bestwarden.com\/wp-content\/uploads\/2025\/09\/Effaroucheur-kryos\u00ae-aeroport-lutte-aviaire-600x600.png 600w\" sizes=\"(max-width: 1000px) 100vw, 1000px\" \/><\/div>\n\t\t\t\t\t<div class=\"wc-block-grid__product-title\">Effaroucheur Kryos\u00ae A\u00e9roport \u2013 Lutte aviaire \u00e9cologique et multi-sensorielle<\/div>\n\t\t\t\t<\/a>\n\t\t\t\t<div class=\"wc-block-grid__product-price price\">\t\t\t<div class=\"ywctm-custom-button-container ywctm-button-5828\" data-product_id=\"7620\">\n\t\t\t\t<a class=\"ywctm-custom-button\" href=\"https:\/\/www.bestwarden.com\/en\/contact\/\"><span class=\"ywctm-inquiry-title\"><div style=\"text-align: center\"><strong><span style=\"font-family: inherit;font-size: 14px\">TARIFS SUR DEMANDE<\/span><\/strong><\/div><\/span><\/a>\t\t\t<\/div>\n\t\t\t<\/div>\n\t\t\t\t\n\t\t\t\t<div class=\"wp-block-button wc-block-grid__product-add-to-cart\"><a href=\"https:\/\/www.bestwarden.com\/en\/product\/effaroucheur-kryos-aeroport\/\" aria-label=\"Read more about \u201cEffaroucheur Kryos\u00ae A\u00e9roport \u2013 Lutte aviaire \u00e9cologique et multi-sensorielle\u201d\" data-quantity=\"1\" data-product_id=\"7620\" data-product_sku=\"\" data-price=\"0\" rel=\"nofollow\" class=\"wp-block-button__link  add_to_cart_button\" data-no-translation=\"\" data-trp-gettext=\"\" data-no-translation-aria-label=\"\">Read more<\/a><\/div>\n\t\t\t<\/li><\/ul><\/div><\/div>\n<\/div>","protected":false},"excerpt":{"rendered":"","protected":false},"author":1,"featured_media":0,"parent":0,"menu_order":0,"comment_status":"closed","ping_status":"closed","template":"","meta":{"iawp_total_views":0,"footnotes":""},"class_list":["post-11","page","type-page","status-publish","hentry"],"yoast_head":"<!-- This site is optimized with the Yoast SEO plugin v27.3 - https:\/\/yoast.com\/product\/yoast-seo-wordpress\/ -->\n<title>Cart - Fabricant d&#039;effaroucheurs \u00e9cologiques performants &amp; lutte aviaire<\/title>\n<meta name=\"robots\" content=\"index, follow, max-snippet:-1, max-image-preview:large, max-video-preview:-1\" \/>\n<link rel=\"canonical\" href=\"https:\/\/www.bestwarden.com\/en\/cart\/\" \/>\n<meta property=\"og:locale\" content=\"en_US\" \/>\n<meta property=\"og:type\" content=\"article\" \/>\n<meta property=\"og:title\" content=\"Cart - Fabricant d&#039;effaroucheurs \u00e9cologiques performants &amp; lutte aviaire\" \/>\n<meta property=\"og:url\" content=\"https:\/\/www.bestwarden.com\/en\/cart\/\" \/>\n<meta property=\"og:site_name\" content=\"Fabricant d&#039;effaroucheurs \u00e9cologiques performants &amp; lutte aviaire\" \/>\n<meta property=\"article:modified_time\" content=\"2025-09-15T12:20:05+00:00\" \/>\n<meta name=\"twitter:card\" content=\"summary_large_image\" \/>\n<script type=\"application\/ld+json\" class=\"yoast-schema-graph\">{\"@context\":\"https:\\\/\\\/schema.org\",\"@graph\":[{\"@type\":\"WebPage\",\"@id\":\"https:\\\/\\\/www.bestwarden.com\\\/cart\\\/\",\"url\":\"https:\\\/\\\/www.bestwarden.com\\\/cart\\\/\",\"name\":\"Cart - Fabricant d&#039;effaroucheurs \u00e9cologiques performants &amp; lutte aviaire\",\"isPartOf\":{\"@id\":\"https:\\\/\\\/www.bestwarden.com\\\/#website\"},\"datePublished\":\"2024-06-01T18:26:25+00:00\",\"dateModified\":\"2025-09-15T12:20:05+00:00\",\"breadcrumb\":{\"@id\":\"https:\\\/\\\/www.bestwarden.com\\\/cart\\\/#breadcrumb\"},\"inLanguage\":\"en-US\",\"potentialAction\":[{\"@type\":\"ReadAction\",\"target\":[\"https:\\\/\\\/www.bestwarden.com\\\/cart\\\/\"]}]},{\"@type\":\"BreadcrumbList\",\"@id\":\"https:\\\/\\\/www.bestwarden.com\\\/cart\\\/#breadcrumb\",\"itemListElement\":[{\"@type\":\"ListItem\",\"position\":1,\"name\":\"Accueil\",\"item\":\"https:\\\/\\\/www.bestwarden.com\\\/\"},{\"@type\":\"ListItem\",\"position\":2,\"name\":\"Cart\"}]},{\"@type\":\"WebSite\",\"@id\":\"https:\\\/\\\/www.bestwarden.com\\\/#website\",\"url\":\"https:\\\/\\\/www.bestwarden.com\\\/\",\"name\":\"Fabricant d&#039;effaroucheurs \u00e9cologiques performants &amp; lutte aviaire\",\"description\":\"\",\"publisher\":{\"@id\":\"https:\\\/\\\/www.bestwarden.com\\\/#organization\"},\"potentialAction\":[{\"@type\":\"SearchAction\",\"target\":{\"@type\":\"EntryPoint\",\"urlTemplate\":\"https:\\\/\\\/www.bestwarden.com\\\/?s={search_term_string}\"},\"query-input\":{\"@type\":\"PropertyValueSpecification\",\"valueRequired\":true,\"valueName\":\"search_term_string\"}}],\"inLanguage\":\"en-US\"},{\"@type\":\"Organization\",\"@id\":\"https:\\\/\\\/www.bestwarden.com\\\/#organization\",\"name\":\"Fabricant d&#039;effaroucheurs \u00e9cologiques performants &amp; lutte aviaire\",\"url\":\"https:\\\/\\\/www.bestwarden.com\\\/\",\"logo\":{\"@type\":\"ImageObject\",\"inLanguage\":\"en-US\",\"@id\":\"https:\\\/\\\/www.bestwarden.com\\\/#\\\/schema\\\/logo\\\/image\\\/\",\"url\":\"https:\\\/\\\/www.bestwarden.com\\\/wp-content\\\/uploads\\\/2025\\\/01\\\/cropped-fabricant-deffaroucheurs-BESTWARDEN-2.jpg\",\"contentUrl\":\"https:\\\/\\\/www.bestwarden.com\\\/wp-content\\\/uploads\\\/2025\\\/01\\\/cropped-fabricant-deffaroucheurs-BESTWARDEN-2.jpg\",\"width\":191,\"height\":173,\"caption\":\"Fabricant d&#039;effaroucheurs \u00e9cologiques performants &amp; lutte aviaire\"},\"image\":{\"@id\":\"https:\\\/\\\/www.bestwarden.com\\\/#\\\/schema\\\/logo\\\/image\\\/\"}}]}<\/script>\n<!-- \/ Yoast SEO plugin. -->","yoast_head_json":{"title":"Cart - Fabricant d&#039;effaroucheurs \u00e9cologiques performants &amp; lutte aviaire","robots":{"index":"index","follow":"follow","max-snippet":"max-snippet:-1","max-image-preview":"max-image-preview:large","max-video-preview":"max-video-preview:-1"},"canonical":"https:\/\/www.bestwarden.com\/en\/cart\/","og_locale":"en_US","og_type":"article","og_title":"Cart - Fabricant d&#039;effaroucheurs \u00e9cologiques performants &amp; lutte aviaire","og_url":"https:\/\/www.bestwarden.com\/en\/cart\/","og_site_name":"Fabricant d&#039;effaroucheurs \u00e9cologiques performants &amp; lutte aviaire","article_modified_time":"2025-09-15T12:20:05+00:00","twitter_card":"summary_large_image","schema":{"@context":"https:\/\/schema.org","@graph":[{"@type":"WebPage","@id":"https:\/\/www.bestwarden.com\/cart\/","url":"https:\/\/www.bestwarden.com\/cart\/","name":"Cart - Fabricant d&#039;effaroucheurs \u00e9cologiques performants &amp; lutte aviaire","isPartOf":{"@id":"https:\/\/www.bestwarden.com\/#website"},"datePublished":"2024-06-01T18:26:25+00:00","dateModified":"2025-09-15T12:20:05+00:00","breadcrumb":{"@id":"https:\/\/www.bestwarden.com\/cart\/#breadcrumb"},"inLanguage":"en-US","potentialAction":[{"@type":"ReadAction","target":["https:\/\/www.bestwarden.com\/cart\/"]}]},{"@type":"BreadcrumbList","@id":"https:\/\/www.bestwarden.com\/cart\/#breadcrumb","itemListElement":[{"@type":"ListItem","position":1,"name":"Accueil","item":"https:\/\/www.bestwarden.com\/"},{"@type":"ListItem","position":2,"name":"Cart"}]},{"@type":"WebSite","@id":"https:\/\/www.bestwarden.com\/#website","url":"https:\/\/www.bestwarden.com\/","name":"Fabricant d&#039;effaroucheurs \u00e9cologiques performants &amp; lutte aviaire","description":"","publisher":{"@id":"https:\/\/www.bestwarden.com\/#organization"},"potentialAction":[{"@type":"SearchAction","target":{"@type":"EntryPoint","urlTemplate":"https:\/\/www.bestwarden.com\/?s={search_term_string}"},"query-input":{"@type":"PropertyValueSpecification","valueRequired":true,"valueName":"search_term_string"}}],"inLanguage":"en-US"},{"@type":"Organization","@id":"https:\/\/www.bestwarden.com\/#organization","name":"Fabricant d&#039;effaroucheurs \u00e9cologiques performants &amp; lutte aviaire","url":"https:\/\/www.bestwarden.com\/","logo":{"@type":"ImageObject","inLanguage":"en-US","@id":"https:\/\/www.bestwarden.com\/#\/schema\/logo\/image\/","url":"https:\/\/www.bestwarden.com\/wp-content\/uploads\/2025\/01\/cropped-fabricant-deffaroucheurs-BESTWARDEN-2.jpg","contentUrl":"https:\/\/www.bestwarden.com\/wp-content\/uploads\/2025\/01\/cropped-fabricant-deffaroucheurs-BESTWARDEN-2.jpg","width":191,"height":173,"caption":"Fabricant d&#039;effaroucheurs \u00e9cologiques performants &amp; lutte aviaire"},"image":{"@id":"https:\/\/www.bestwarden.com\/#\/schema\/logo\/image\/"}}]}},"_links":{"self":[{"href":"https:\/\/www.bestwarden.com\/en\/wp-json\/wp\/v2\/pages\/11","targetHints":{"allow":["GET"]}}],"collection":[{"href":"https:\/\/www.bestwarden.com\/en\/wp-json\/wp\/v2\/pages"}],"about":[{"href":"https:\/\/www.bestwarden.com\/en\/wp-json\/wp\/v2\/types\/page"}],"author":[{"embeddable":true,"href":"https:\/\/www.bestwarden.com\/en\/wp-json\/wp\/v2\/users\/1"}],"replies":[{"embeddable":true,"href":"https:\/\/www.bestwarden.com\/en\/wp-json\/wp\/v2\/comments?post=11"}],"version-history":[{"count":1,"href":"https:\/\/www.bestwarden.com\/en\/wp-json\/wp\/v2\/pages\/11\/revisions"}],"predecessor-version":[{"id":5510,"href":"https:\/\/www.bestwarden.com\/en\/wp-json\/wp\/v2\/pages\/11\/revisions\/5510"}],"wp:attachment":[{"href":"https:\/\/www.bestwarden.com\/en\/wp-json\/wp\/v2\/media?parent=11"}],"curies":[{"name":"wp","href":"https:\/\/api.w.org\/{rel}","templated":true}]}}